{"id":8,"date":"2014-02-12T23:22:56","date_gmt":"2014-02-12T21:22:56","guid":{"rendered":"http:\/\/marc-rietz.de\/?page_id=8"},"modified":"2023-06-11T22:38:12","modified_gmt":"2023-06-11T20:38:12","slug":"projekte","status":"publish","type":"page","link":"https:\/\/marc-rietz.de\/?page_id=8","title":{"rendered":"Projekte"},"content":{"rendered":"<p>Sie finden hier eine Auswahl der Projekte, die ich f\u00fcr meine Kunden und mit meinen Kunden umgesetzt habe. Bei einigen Projekten habe ich die verwendete Topologie schematisch angegeben.<\/p>\n<h4 id=\"p10\" style=\"padding-left: 30px;\"><a class=\"anchorOffset\" href=\"#p10\">Automatisierung und Visualisierung eines Heizwerkes mit einem BHKW und zwei Kesseln<\/a><\/h4>\n<ul>\n<li style=\"list-style-type: none;\">\n<ul>\n<li>Neuprogrammierung einer S7-300er Steuerung mit dezentraler Peripherie<\/li>\n<li>Projektierung der Visualisierung auf einem Einzelplatz-Rechner und einem Bedienerpanel<\/li>\n<\/ul>\n<\/li>\n<\/ul>\n<p style=\"text-align: center;\"><img decoding=\"async\" class=\"aligncenter  wp-image-46\" src=\"https:\/\/marc-rietz.de\/wp-content\/uploads\/2014\/02\/Projekte-EPRBP.gif\" alt=\"Steuerung(en) mit Bedienpanel\" \/><\/p>\n<h4 id=\"p20\" style=\"padding-left: 30px;\"><a class=\"anchorOffset\" href=\"#p20\">Visualisierung einer Sortieranlage<\/a><\/h4>\n<ul>\n<li style=\"list-style-type: none;\">\n<ul>\n<li>Projektierung der Visualisierung eines redundanten Server-Client-System mit dediziertem Webserver. Die redundanten Server wurden mit mehr als 30 Steuerungen vom Typ S7-300 und S7-400 verbunden. \u00a0Die Steuerungen waren zum Teil vorhanden, andere Steuerungen wurden durch verschiedene Firmen neu programmiert. Insgesamt wurden zum Datenaustausch mit den Steuerungen \u00fcber 20.000 Variablen in der Visualisierung angelegt.<\/li>\n<\/ul>\n<\/li>\n<\/ul>\n<p><img decoding=\"async\" class=\"aligncenter size-full wp-image-46\" src=\"https:\/\/marc-rietz.de\/wp-content\/uploads\/2014\/02\/Projekte-RSCWEB.gif\" alt=\"Steuerung(en) mit Bedienpanel\" \/><\/p>\n<h4 id=\"p30\"><a class=\"anchorOffset\" href=\"#p30\">Modernisierung einer Anlage in der Lebensmittelbranche<\/a><\/h4>\n<ul>\n<li style=\"list-style-type: none;\">\n<ul>\n<li>Neuprogrammierung einer \u00a0S7-400 Steuerung und Anpassen der Visualisierung eines redundanten Server-Client-Systems bei der Modernisierung einer Anlage in der Lebensmittelbranche. Im Zuge der Modernisierung wurden mehrere S5-Steuerungen der Firma Siemens aus der Anlage entfernt. Die Automatisierungsaufgaben \u00fcbernahm eine S7-400 mit angeschlossener dezentraler Peripherie.<\/li>\n<\/ul>\n<\/li>\n<\/ul>\n<p><img decoding=\"async\" class=\"aligncenter size-full wp-image-46\" src=\"https:\/\/marc-rietz.de\/wp-content\/uploads\/2014\/02\/Projekte-RSC.gif\" alt=\"Steuerung(en) mit Bedienpanel\" \/><\/p>\n<h4 id=\"p40\"><a class=\"anchorOffset\" href=\"#p40\">Visualisierung und Automatisierung einer Pyrolyseanlage<\/a><\/h4>\n<ul>\n<li style=\"list-style-type: none;\">\n<ul>\n<li>\u00a0Neuprogrammierung einer S7-300 Steuerung mit mehreren dezentralen Peripherieger\u00e4ten und visualisieren der Pyrolyseanlage auf einem Einzelplatz-Rechner.<\/li>\n<\/ul>\n<\/li>\n<\/ul>\n<h3><img decoding=\"async\" class=\"aligncenter size-full wp-image-46\" src=\"https:\/\/marc-rietz.de\/wp-content\/uploads\/2014\/02\/Projekte-EPR.gif\" alt=\"Steuerung(en) mit Bedienpanel\" \/><\/h3>\n<h5><\/h5>\n<h4 id=\"p50\"><a class=\"anchorOffset\" href=\"#p50\">Visualisierung und Automatisierung eines Servicefahrzeugs<\/a><\/h4>\n<ul>\n<li style=\"list-style-type: none;\">\n<ul>\n<li>\u00a0Neuprogrammierung eines ecomatControllers CR711S mit 3 Bedienger\u00e4ten und 1 Ethernet-Kamera.<br \/>\nDas Servicefahrzeug hat einen ausfahrbaren Korb und einen \u00d6ltank zum Betanken von anderen Ger\u00e4ten. Im Heck ist eine Ethernet-Kamera als R\u00fcckfahrkamera verbaut, deren Bild auf dem Bedienger\u00e4t in der Fahrzeugkabine eingeblendet wird. Am Korb und am Heck sind 2 weitere Bedienger\u00e4te verbaut, auf denen z.B. die Arbeitslichter eingeschaltet oder die abgegebene \u00d6lmenge abgelesen werden kann.<\/li>\n<\/ul>\n<figure><img decoding=\"async\" loading=\"lazy\" id=\"myImage\" class=\"aligncenter wp-image-46 size-full\" src=\"https:\/\/marc-rietz.de\/wp-content\/uploads\/2023\/06\/Servicefahrzeug_animate.svg\" alt=\"Servicefahrzeug\" width=\"300\" height=\"266\" \/><figcaption>Servicefahrzeug (Animation: Korb oben \u2b0c Korb unten)<\/p>\n<\/figcaption><\/figure>\n<\/li>\n<\/ul>\n<h4 id=\"p60\" class=\"wp-block-heading\"><a href=\"#p60\">Visualisierung und Automatisierung einer Mobilen Treppe<\/a><\/h4>\n<ul>\n<li style=\"list-style-type: none;\">\n<ul>\n<li>\u00a0Neuprogrammierung eines ecomatControllers CR711S (Fahrzeug) und eines ecomatControllers CR721S (Rolltreppe) mit 3 Bedienger\u00e4ten und 2 Ethernet-Kameras.<br \/>\nDie Mobile Treppe ist ein Flughafenfahrzeug zum Ein- und Aussteigen der Flugg\u00e4ste. Diese Mobile Treppe besteht aus einem Fahrgestell und einer voll funktionsf\u00e4higen Rolltreppe (auch Fahrtreppe genannt), wie man sie vom Bahnhof oder aus dem Einkaufszentrum kennt. Auf der Plattform und am Heck ist jeweils eine Ethernet-Kamera verbaut. Deren Bilder werden auf dem Bedienger\u00e4t in der Fahrzeugkabine eingeblendet werden. Die Plattformkamera dient dem Fahrer als Unterst\u00fctzung beim Andocken an ein Flugzeug. Die Heckkamera wird als R\u00fcckfahrkamera genutzt. Das Plattformbedienger\u00e4t wird u.a. zum Ausrichten der Plattform genutzt. Im Heck der Mobilen Treppe ist ein weiteres Bedienger\u00e4t vorhanden, mit dem u.a. die Bedienung der Rolltreppe erfolgt.<\/li>\n<\/ul>\n<figure><img decoding=\"async\" loading=\"lazy\" id=\"myImage\" class=\"aligncenter wp-image-46 size-full\" src=\"https:\/\/marc-rietz.de\/wp-content\/uploads\/2023\/06\/Mobile_Treppe_animate.svg\" alt=\"Mobile Treppe\" width=\"600\" height=\"306\" \/><figcaption>Mobile Treppe (Animation: Betriebsmodus \u2b0c Transportmodus)<\/figcaption><\/figure>\n<\/li>\n<\/ul>\n<p><span style=\"font-size: 10px;\">S7-300, S7-400, S7-1200 und S7-1500 sind eingetragene Markenzeichen der Siemens AG, <\/span><span style=\"font-size: 10px;\">ecomatController ist ein eingetragenes Markenzeichen der IFM Electronic GmbH,<\/span><\/p>\n","protected":false},"excerpt":{"rendered":"<p>Sie finden hier eine Auswahl der Projekte, die ich f\u00fcr meine Kunden und mit meinen Kunden umgesetzt habe. Bei einigen Projekten habe ich die verwendete Topologie schematisch angegeben. Automatisierung und Visualisierung eines Heizwerkes mit einem BHKW und zwei Kesseln Neuprogrammierung &hellip;<\/p>\n<p class=\"read-more\"> <a class=\"more-link\" href=\"https:\/\/marc-rietz.de\/?page_id=8\"> <span class=\"screen-reader-text\">Projekte<\/span> Read More &raquo;<\/a><\/p>\n","protected":false},"author":1,"featured_media":0,"parent":0,"menu_order":0,"comment_status":"closed","ping_status":"closed","template":"full-width-page.php","meta":[],"_links":{"self":[{"href":"https:\/\/marc-rietz.de\/index.php?rest_route=\/wp\/v2\/pages\/8"}],"collection":[{"href":"https:\/\/marc-rietz.de\/index.php?rest_route=\/wp\/v2\/pages"}],"about":[{"href":"https:\/\/marc-rietz.de\/index.php?rest_route=\/wp\/v2\/types\/page"}],"author":[{"embeddable":true,"href":"https:\/\/marc-rietz.de\/index.php?rest_route=\/wp\/v2\/users\/1"}],"replies":[{"embeddable":true,"href":"https:\/\/marc-rietz.de\/index.php?rest_route=%2Fwp%2Fv2%2Fcomments&post=8"}],"version-history":[{"count":39,"href":"https:\/\/marc-rietz.de\/index.php?rest_route=\/wp\/v2\/pages\/8\/revisions"}],"predecessor-version":[{"id":336,"href":"https:\/\/marc-rietz.de\/index.php?rest_route=\/wp\/v2\/pages\/8\/revisions\/336"}],"wp:attachment":[{"href":"https:\/\/marc-rietz.de\/index.php?rest_route=%2Fwp%2Fv2%2Fmedia&parent=8"}],"curies":[{"name":"wp","href":"https:\/\/api.w.org\/{rel}","templated":true}]}}