{"id":14,"date":"2014-02-12T23:29:22","date_gmt":"2014-02-12T21:29:22","guid":{"rendered":"http:\/\/marc-rietz.de\/?page_id=14"},"modified":"2023-05-15T12:51:02","modified_gmt":"2023-05-15T10:51:02","slug":"impressum","status":"publish","type":"page","link":"https:\/\/marc-rietz.de\/?page_id=14","title":{"rendered":"Impressum"},"content":{"rendered":"<p>Marc Rietz \u2013 Ingenieur f\u00fcr Automatisierung und Visualisierung<br \/>\nDipl.-Ing. (FH) Marc Rietz<br \/>\nSchimmelmannstieg 6<br \/>\n22043 Hamburg<\/p>\n<p>Tel.: +49 (0)40 386 737 60<br \/>\nMobil: +49 (0)176 496 696 00<br \/>\nE-Mail:\u00a0<a href=\"mailto:info@marc-rietz.de\">info@marc-rietz.de<\/a><br \/>\nWeb: https:\/\/marc-rietz.de<\/p>\n<p>Websiteverantwortlicher: Marc Rietz<\/p>\n<p>Haftungshinweis:<br \/>\nTrotz sorgf\u00e4ltiger inhaltlicher Kontrolle \u00fcbernehme ich keine Haftung f\u00fcr die Inhalte externer Links. F\u00fcr den Inhalt der verlinkten Seiten sind ausschlie\u00dflich deren Betreiber verantwortlich.<\/p>\n<p>Die durch mich erstellten Inhalte und Werke auf diesen Seiten unterliegen dem deutschen Urheberrecht. Die Vervielf\u00e4ltigung, Bearbeitung, Verbreitung und jede Art der Verwertung au\u00dferhalb der Grenzen des Urheberrechtes bed\u00fcrfen der schriftlichen Zustimmung des jeweiligen Autors bzw. Erstellers. Downloads und Kopien dieser Seite sind nur durch meine schriftliche Genehmigung gestattet. Soweit die Inhalte auf dieser Seite nicht vom Betreiber erstellt wurden, werden die Urheberrechte Dritter beachtet. Insbesondere werden Inhalte Dritter als solche gekennzeichnet. Sollten Sie trotzdem auf eine Urheberrechtsverletzung aufmerksam werden, bitte ich um einen entsprechenden Hinweis. Bei Bekanntwerden von Rechtsverletzungen werde ich derartige Inhalte umgehend entfernen.<\/p>\n","protected":false},"excerpt":{"rendered":"<p>Marc Rietz \u2013 Ingenieur f\u00fcr Automatisierung und Visualisierung Dipl.-Ing. (FH) Marc Rietz Schimmelmannstieg 6 22043 Hamburg Tel.: +49 (0)40 386 737 60 Mobil: +49 (0)176 496 696 00 E-Mail:\u00a0info@marc-rietz.de Web: https:\/\/marc-rietz.de Websiteverantwortlicher: Marc Rietz Haftungshinweis: Trotz sorgf\u00e4ltiger inhaltlicher Kontrolle \u00fcbernehme &hellip;<\/p>\n<p class=\"read-more\"> <a class=\"more-link\" href=\"https:\/\/marc-rietz.de\/?page_id=14\"> <span class=\"screen-reader-text\">Impressum<\/span> Read More &raquo;<\/a><\/p>\n","protected":false},"author":1,"featured_media":0,"parent":0,"menu_order":0,"comment_status":"closed","ping_status":"closed","template":"full-width-page.php","meta":[],"_links":{"self":[{"href":"https:\/\/marc-rietz.de\/index.php?rest_route=\/wp\/v2\/pages\/14"}],"collection":[{"href":"https:\/\/marc-rietz.de\/index.php?rest_route=\/wp\/v2\/pages"}],"about":[{"href":"https:\/\/marc-rietz.de\/index.php?rest_route=\/wp\/v2\/types\/page"}],"author":[{"embeddable":true,"href":"https:\/\/marc-rietz.de\/index.php?rest_route=\/wp\/v2\/users\/1"}],"replies":[{"embeddable":true,"href":"https:\/\/marc-rietz.de\/index.php?rest_route=%2Fwp%2Fv2%2Fcomments&post=14"}],"version-history":[{"count":7,"href":"https:\/\/marc-rietz.de\/index.php?rest_route=\/wp\/v2\/pages\/14\/revisions"}],"predecessor-version":[{"id":104,"href":"https:\/\/marc-rietz.de\/index.php?rest_route=\/wp\/v2\/pages\/14\/revisions\/104"}],"wp:attachment":[{"href":"https:\/\/marc-rietz.de\/index.php?rest_route=%2Fwp%2Fv2%2Fmedia&parent=14"}],"curies":[{"name":"wp","href":"https:\/\/api.w.org\/{rel}","templated":true}]}}