{"id":10,"date":"2014-02-12T23:24:18","date_gmt":"2014-02-12T21:24:18","guid":{"rendered":"http:\/\/marc-rietz.de\/?page_id=10"},"modified":"2023-06-06T17:03:25","modified_gmt":"2023-06-06T15:03:25","slug":"visualisierung","status":"publish","type":"page","link":"https:\/\/marc-rietz.de\/?page_id=10","title":{"rendered":"Visualisierung"},"content":{"rendered":"\n<h4 class=\"wp-block-heading\" id=\"v10\"><a class=\"anchorOffset\" href=\"#v10\">Farbkonzept<\/a><\/h4>\n\n\n\n<p>Die Darstellungen bei den hier gezeigten Prozessbildern sind eine M\u00f6glichkeit von vielen Varianten. Die Darstellungen werden immer kundenspezifisch umgesetzt. Allerdings hat sich das folgende Farbkonzept, das auch hier verwendet wird, bew\u00e4hrt:<\/p>\n\n\n\n<div class=\"wp-block-columns is-layout-flex wp-container-2\">\n<div class=\"wp-block-column is-layout-flow\" style=\"flex-basis:100%\">\n<table id=\"tablepress-1\" class=\"tablepress tablepress-id-1\">\n<tbody>\n<tr class=\"row-1\">\n\t<td class=\"column-1\"><\/td><td colspan=\"2\" class=\"column-2\">Meldung<\/td><td class=\"column-4\"><\/td><td colspan=\"2\" class=\"column-5\">Messstelle<\/td><td class=\"column-7\"><\/td>\n<\/tr>\n<tr class=\"row-2\">\n\t<td class=\"column-1\"><\/td><td class=\"column-2\">Rot:<\/td><td class=\"column-3\">St\u00f6rung\/Alarm (Gekommen)<\/td><td class=\"column-4\"><\/td><td class=\"column-5\">Rot:<\/td><td class=\"column-6\">St\u00f6rung\/Alarm (Grenze)<\/td><td class=\"column-7\"><\/td>\n<\/tr>\n<tr class=\"row-3\">\n\t<td class=\"column-1\"><\/td><td class=\"column-2\">Gelb:<\/td><td class=\"column-3\">Warnung (Gekommen)<\/td><td class=\"column-4\"><\/td><td class=\"column-5\">Gelb:<\/td><td class=\"column-6\">Warnung (Grenze)<\/td><td class=\"column-7\"><\/td>\n<\/tr>\n<tr class=\"row-4\">\n\t<td class=\"column-1\"><\/td><td class=\"column-2\">Gr\u00fcn:<\/td><td class=\"column-3\">OK (Gegangen)<\/td><td class=\"column-4\"><\/td><td class=\"column-5\">Gr\u00fcn:<\/td><td class=\"column-6\">Ok, hat ausgel\u00f6st<\/td><td class=\"column-7\"><\/td>\n<\/tr>\n<tr class=\"row-5\">\n\t<td class=\"column-1\"><\/td><td class=\"column-2\"><\/td><td class=\"column-3\"><\/td><td class=\"column-4\"><\/td><td class=\"column-5\">Wei\u00df:<\/td><td class=\"column-6\">Ok, hat nicht ausgel\u00f6st<\/td><td class=\"column-7\"><\/td>\n<\/tr>\n<tr class=\"row-6\">\n\t<td class=\"column-1\"><\/td><td colspan=\"2\" class=\"column-2\">Antrieb<\/td><td class=\"column-4\"><\/td><td colspan=\"2\" class=\"column-5\">Ventil<\/td><td class=\"column-7\"><\/td>\n<\/tr>\n<tr class=\"row-7\">\n\t<td class=\"column-1\"><\/td><td class=\"column-2\">Rot:<\/td><td class=\"column-3\">St\u00f6rung<\/td><td class=\"column-4\"><\/td><td class=\"column-5\">Rot:<\/td><td class=\"column-6\">Laufzeitst\u00f6rung<\/td><td class=\"column-7\"><\/td>\n<\/tr>\n<tr class=\"row-8\">\n\t<td class=\"column-1\"><\/td><td class=\"column-2\">Gr\u00fcn:<\/td><td class=\"column-3\">Ein\/In Betrieb<\/td><td class=\"column-4\"><\/td><td class=\"column-5\">Gr\u00fcn:<\/td><td class=\"column-6\">Offen<\/td><td class=\"column-7\"><\/td>\n<\/tr>\n<tr class=\"row-9\">\n\t<td class=\"column-1\"><\/td><td class=\"column-2\">Wei\u00df:<\/td><td class=\"column-3\">Aus\/Nicht in Betrieb<\/td><td class=\"column-4\"><\/td><td class=\"column-5\">Wei\u00df:<\/td><td class=\"column-6\">Geschlossen<\/td><td class=\"column-7\"><\/td>\n<\/tr>\n<tr class=\"row-10\">\n\t<td class=\"column-1\"><\/td><td class=\"column-2\"><\/td><td class=\"column-3\"><\/td><td class=\"column-4\"><\/td><td class=\"column-5\"><\/td><td class=\"column-6\"><\/td><td class=\"column-7\"><\/td>\n<\/tr>\n<\/tbody>\n<\/table>\n<!-- #tablepress-1 from cache --><\/div>\n<\/div>\n\n\n\n<h4 class=\"wp-block-heading\" id=\"v20\"><a class=\"anchorOffset\" href=\"#v20\">Beispiel-Prozessbilder<\/a><\/h4>\n\n\n\n<figure class=\"wp-block-image\"><a href=\"https:\/\/marc-rietz.de\/wp-content\/uploads\/2014\/02\/WebVisuScreenshot01.png\"><img decoding=\"async\" src=\"https:\/\/marc-rietz.de\/wp-content\/uploads\/2014\/02\/WebVisuScreenshot01.png\" alt=\"Beispiel-Prozessbild 1\" class=\"wp-image-31\"\/><\/a><figcaption class=\"wp-element-caption\">Beispiel-Prozessbild 1<br>Zum Vergr\u00f6\u00dfern das Bild anklicken<\/figcaption><\/figure>\n\n\n\n<h5 class=\"wp-block-heading\">&nbsp;<\/h5>\n\n\n<div class=\"wp-block-image\">\n<figure class=\"aligncenter\"><a href=\"https:\/\/marc-rietz.de\/wp-content\/uploads\/2014\/02\/WebVisuScreenshot02.png\"><img decoding=\"async\" src=\"https:\/\/marc-rietz.de\/wp-content\/uploads\/2014\/02\/WebVisuScreenshot02.png\" alt=\"Beispiel-Prozessbild 2\" class=\"wp-image-32\"\/><\/a><figcaption class=\"wp-element-caption\">Beispiel-Prozessbild 2<br>Zum Vergr\u00f6\u00dfern das Bild anklicken<\/figcaption><\/figure><\/div>\n\n\n<h6 class=\"wp-block-heading\">&nbsp;<\/h6>\n\n\n\n<h4 class=\"wp-block-heading\" id=\"v30\"><a class=\"anchorOffset\" href=\"#v30\">Demo-Visualisierung Tank<\/a><\/h4>\n\n\n\n<p>Mit dem Button k\u00f6nnen Sie die Pumpe ein- und ausschalten. Die Pumpe bef\u00fcllt den Tank, solange sie eingeschaltet ist. Das Ventil wird abh\u00e4ngig von den beiden F\u00fcllstandsschaltern automatisch ge\u00f6ffnet und geschlossen.<\/p>\n\n\n\r\n<div class=\"p5js-embed-container\" style=\"padding-bottom: 66.666666666667%;\">\r\n\t<iframe plugin=\"p5js\" src=\"https:\/\/marc-rietz.de\/wp-content\/uploads\/p5js\/Tank\/\" id=\"p5js-iframe-6857\" style=\"border: solid 1px #aaa\" class=\"p5js-iframe\" name=\"p5js-iframe-6857\" scrolling=\"no\" allowfullscreen><\/iframe>\r\n<\/div>\r\n\t\t\n\n\n\n<p><\/p>\n\n\n\n<h4 class=\"wp-block-heading\" id=\"v40\"><a class=\"anchorOffset\" href=\"#v40\">Demo-Visualiserung Dosierung<\/a><\/h4>\n\n\n\n<p>Mit dem Button k\u00f6nnen Sie die Dosierung ein- und ausschalten. Ein leerer Karton wird unter die Dosierung gefahren und bef\u00fcllt. Nachdem Bef\u00fcllen wird der volle Karton abtransportiert und ein neuer leerer Karton wird unter die Dosierung gefahren.<\/p>\n\n\n\r\n<div class=\"p5js-embed-container\" style=\"padding-bottom: 75%;\">\r\n\t<iframe plugin=\"p5js\" src=\"https:\/\/marc-rietz.de\/wp-content\/uploads\/p5js\/Dosierung\/\" id=\"p5js-iframe-8091\" style=\"border: solid 1px #aaa\" class=\"p5js-iframe\" name=\"p5js-iframe-8091\" scrolling=\"no\" allowfullscreen><\/iframe>\r\n<\/div>\r\n\t\t\n","protected":false},"excerpt":{"rendered":"<p>Farbkonzept Die Darstellungen bei den hier gezeigten Prozessbildern sind eine M\u00f6glichkeit von vielen Varianten. Die Darstellungen werden immer kundenspezifisch umgesetzt. Allerdings hat sich das folgende Farbkonzept, das auch hier verwendet wird, bew\u00e4hrt: Beispiel-Prozessbilder &nbsp; &nbsp; Demo-Visualisierung Tank Mit dem Button &hellip;<\/p>\n<p class=\"read-more\"> <a class=\"more-link\" href=\"https:\/\/marc-rietz.de\/?page_id=10\"> <span class=\"screen-reader-text\">Visualisierung<\/span> Read More &raquo;<\/a><\/p>\n","protected":false},"author":1,"featured_media":0,"parent":0,"menu_order":0,"comment_status":"closed","ping_status":"closed","template":"full-width-page.php","meta":[],"_links":{"self":[{"href":"https:\/\/marc-rietz.de\/index.php?rest_route=\/wp\/v2\/pages\/10"}],"collection":[{"href":"https:\/\/marc-rietz.de\/index.php?rest_route=\/wp\/v2\/pages"}],"about":[{"href":"https:\/\/marc-rietz.de\/index.php?rest_route=\/wp\/v2\/types\/page"}],"author":[{"embeddable":true,"href":"https:\/\/marc-rietz.de\/index.php?rest_route=\/wp\/v2\/users\/1"}],"replies":[{"embeddable":true,"href":"https:\/\/marc-rietz.de\/index.php?rest_route=%2Fwp%2Fv2%2Fcomments&post=10"}],"version-history":[{"count":39,"href":"https:\/\/marc-rietz.de\/index.php?rest_route=\/wp\/v2\/pages\/10\/revisions"}],"predecessor-version":[{"id":310,"href":"https:\/\/marc-rietz.de\/index.php?rest_route=\/wp\/v2\/pages\/10\/revisions\/310"}],"wp:attachment":[{"href":"https:\/\/marc-rietz.de\/index.php?rest_route=%2Fwp%2Fv2%2Fmedia&parent=10"}],"curies":[{"name":"wp","href":"https:\/\/api.w.org\/{rel}","templated":true}]}}